{"id":1692,"date":"2022-01-28T11:34:59","date_gmt":"2022-01-28T10:34:59","guid":{"rendered":"https:\/\/peeweeinternational.eu\/?post_type=product&#038;p=1692"},"modified":"2025-10-02T11:30:19","modified_gmt":"2025-10-02T09:30:19","slug":"ecodome","status":"publish","type":"product","link":"https:\/\/peeweeinternational.eu\/dan\/kattenbakken\/ecodome\/","title":{"rendered":"EcoDome"},"content":{"rendered":"","protected":false},"excerpt":{"rendered":"<p><strong>Til store katte, der s\u00e6tter pris p\u00e5 privatliv under deres toiletbes\u00f8g, er EcoDome den ideelle bakke. Med h\u00e5ndtag og klemmer i metallook og tonet glas.<\/strong><\/p>\n<p><strong>Smart design<\/strong><br \/>\nDobbeltbunden giver en h\u00f8j grad af komfort og b\u00e6redygtighed.<\/p>\n<p><strong>2 bakker<br \/>\n<\/strong>Overbakke med rist samt underbakke, der opfanger urin og savsmuld.<\/p>\n<p><strong>Nem at bruge<br \/>\n<\/strong>Tr\u00e6pillerne smuldrer efter kontakt med urin og falder gennem risten, n\u00e5r katten graver, s\u00e5 du kan n\u00f8jes med at t\u00f8mme underbakken.<\/p>\n<p><strong>T\u00f8rre og rene poter<br \/>\n<\/strong>Savsmuldet er st\u00f8vfrit og klistrer ikke til poter og pels efter brug af bakken.<br \/>\n<strong><br \/>\nGennemsigtig svingd\u00f8r<br \/>\n<\/strong>Ideel til katte, der foretr\u00e6kker at tr\u00e6kke sig tilbage til et roligt sted.<\/p>\n<p><strong>H\u00f8j kant<br \/>\n<\/strong>Ogs\u00e5 velegnet til katte, der st\u00e5r op og tisser.<\/p>\n<p><strong>Aftagelig og opklappelig overdel<br \/>\n<\/strong>Letter reng\u00f8ringen.<\/p>\n<p><strong>H\u00e5ndtag, der kan klappes ned<br \/>\n<\/strong>Nem at transportere.<\/p>","protected":false},"featured_media":2647,"template":"","meta":[],"product_brand":[],"product_cat":[29],"product_tag":[43],"class_list":{"0":"post-1692","1":"product","2":"type-product","3":"status-publish","4":"has-post-thumbnail","6":"product_cat-kattenbak","7":"product_tag-ecodome","9":"first","10":"instock","11":"shipping-taxable","12":"purchasable","13":"product-type-variable","14":"has-default-attributes"},"_links":{"self":[{"href":"https:\/\/peeweeinternational.eu\/dan\/wp-json\/wp\/v2\/product\/1692","targetHints":{"allow":["GET"]}}],"collection":[{"href":"https:\/\/peeweeinternational.eu\/dan\/wp-json\/wp\/v2\/product"}],"about":[{"href":"https:\/\/peeweeinternational.eu\/dan\/wp-json\/wp\/v2\/types\/product"}],"wp:featuredmedia":[{"embeddable":true,"href":"https:\/\/peeweeinternational.eu\/dan\/wp-json\/wp\/v2\/media\/2647"}],"wp:attachment":[{"href":"https:\/\/peeweeinternational.eu\/dan\/wp-json\/wp\/v2\/media?parent=1692"}],"wp:term":[{"taxonomy":"product_brand","embeddable":true,"href":"https:\/\/peeweeinternational.eu\/dan\/wp-json\/wp\/v2\/product_brand?post=1692"},{"taxonomy":"product_cat","embeddable":true,"href":"https:\/\/peeweeinternational.eu\/dan\/wp-json\/wp\/v2\/product_cat?post=1692"},{"taxonomy":"product_tag","embeddable":true,"href":"https:\/\/peeweeinternational.eu\/dan\/wp-json\/wp\/v2\/product_tag?post=1692"}],"curies":[{"name":"wp","href":"https:\/\/api.w.org\/{rel}","templated":true}]}}