{"id":1692,"date":"2022-01-28T11:34:59","date_gmt":"2022-01-28T10:34:59","guid":{"rendered":"https:\/\/peeweeinternational.eu\/?post_type=product&#038;p=1692"},"modified":"2025-10-02T11:30:19","modified_gmt":"2025-10-02T09:30:19","slug":"ecodome","status":"publish","type":"product","link":"https:\/\/peeweeinternational.eu\/fin\/kattenbakken\/ecodome\/","title":{"rendered":"EcoDome"},"content":{"rendered":"","protected":false},"excerpt":{"rendered":"<p><strong>EcoDome on ihanteellinen vaihtoehto suurille kissoille, jotka arvostavat yksityisyytt\u00e4. Metallinv\u00e4rinen kahva ja kiinnittimet sek\u00e4 mattalasi.<\/strong><\/p>\n<p><strong>\u00c4lyk\u00e4s muotoilu<\/strong><br \/>\nja kaksinkertainen pohja varmistavat mukavuuden ja kest\u00e4vyyden.<\/p>\n<p><strong>2 osaa.<br \/>\n<\/strong>Ritil\u00e4pohjainen yl\u00e4kerros, virtsa ja sahanpurut kulkeutuvat alalaatikkoon.<\/p>\n<p><strong>Helppo k\u00e4ytt\u00e4\u00e4.<br \/>\n<\/strong>Puupelletit hajoavat jouduttuaan kosketuksiin virtsan kanssa ja kissan kuopiessa ne kulkeutuvat alalaatikkoon, joten vain alalaatikko pit\u00e4\u00e4 tyhjent\u00e4\u00e4.<\/p>\n<p><strong>Kuivat ja puhtaat tassut.<br \/>\n<\/strong>Sahajauho on p\u00f6lyt\u00f6nt\u00e4 eik\u00e4 tartu tassuihin ja turkkiin vessaa k\u00e4ytett\u00e4ess\u00e4.<br \/>\n<strong><br \/>\nL\u00e4pin\u00e4kyv\u00e4 heiluriluukku.<br \/>\n<\/strong>Ihanteellinen kissoille, jotka haluavat olla rauhassa.<\/p>\n<p><strong>Korkea reuna.<br \/>\n<\/strong>Sopii my\u00f6s seisaallaan pissaaville kissoille.<\/p>\n<p><strong>Irrotettava ja kokoontaitettava kansi.<br \/>\n<\/strong>Puhdistaminen on helpompaa.<\/p>\n<p><strong>Kokoontaitettava kahva.<br \/>\n<\/strong>Kuljettaminen on helppoa.<\/p>","protected":false},"featured_media":2647,"template":"","meta":[],"product_brand":[],"product_cat":[29],"product_tag":[43],"class_list":{"0":"post-1692","1":"product","2":"type-product","3":"status-publish","4":"has-post-thumbnail","6":"product_cat-kattenbak","7":"product_tag-ecodome","9":"first","10":"instock","11":"shipping-taxable","12":"purchasable","13":"product-type-variable","14":"has-default-attributes"},"_links":{"self":[{"href":"https:\/\/peeweeinternational.eu\/fin\/wp-json\/wp\/v2\/product\/1692","targetHints":{"allow":["GET"]}}],"collection":[{"href":"https:\/\/peeweeinternational.eu\/fin\/wp-json\/wp\/v2\/product"}],"about":[{"href":"https:\/\/peeweeinternational.eu\/fin\/wp-json\/wp\/v2\/types\/product"}],"wp:featuredmedia":[{"embeddable":true,"href":"https:\/\/peeweeinternational.eu\/fin\/wp-json\/wp\/v2\/media\/2647"}],"wp:attachment":[{"href":"https:\/\/peeweeinternational.eu\/fin\/wp-json\/wp\/v2\/media?parent=1692"}],"wp:term":[{"taxonomy":"product_brand","embeddable":true,"href":"https:\/\/peeweeinternational.eu\/fin\/wp-json\/wp\/v2\/product_brand?post=1692"},{"taxonomy":"product_cat","embeddable":true,"href":"https:\/\/peeweeinternational.eu\/fin\/wp-json\/wp\/v2\/product_cat?post=1692"},{"taxonomy":"product_tag","embeddable":true,"href":"https:\/\/peeweeinternational.eu\/fin\/wp-json\/wp\/v2\/product_tag?post=1692"}],"curies":[{"name":"wp","href":"https:\/\/api.w.org\/{rel}","templated":true}]}}