{"id":1692,"date":"2022-01-28T11:34:59","date_gmt":"2022-01-28T10:34:59","guid":{"rendered":"https:\/\/peeweeinternational.eu\/?post_type=product&#038;p=1692"},"modified":"2025-10-02T11:30:19","modified_gmt":"2025-10-02T09:30:19","slug":"ecodome","status":"publish","type":"product","link":"https:\/\/peeweeinternational.eu\/pol\/kattenbakken\/ecodome\/","title":{"rendered":"EcoDome"},"content":{"rendered":"","protected":false},"excerpt":{"rendered":"<p><strong>Dla du\u017cych kot\u00f3w kt\u00f3re ceni\u0105 sobie prywatno\u015b\u0107 w czasie wizyty w toalecie EcoDom jest idealn\u0105 kuwet\u0105. Wyposa\u017cona w uchwyt o metalowym wygl\u0105dzie, zaciski oraz szk\u0142o zapewniaj\u0105ce prywatno\u015b\u0107.<\/strong><\/p>\n<p><strong>Inteligentna konstrukcja<\/strong><br \/>\nZ podw\u00f3jnym dnem spe\u0142niaj\u0105ca wysokie standardy komfortu i trwa\u0142o\u015bci.<\/p>\n<p><strong>2 pojemniki<br \/>\n<\/strong>G\u00f3rny pojemnik z kratk\u0105 , w dolnym pojemniku zbiera si\u0119 mocz i trociny.<\/p>\n<p><strong>\u0141atwa w u\u017cyciu<br \/>\n<\/strong>Pellety drzewne rozpadaj\u0105 si\u0119 przy kontakcie z moczem i wpadaj\u0105 przez kratk\u0119 podczas drapania do dolnego pojemnika,  nale\u017cy wi\u0119c jedynie opr\u00f3\u017cni\u0107 dolny pojemnik.<\/p>\n<p><strong>Suche i czyste \u0142apy<br \/>\n<\/strong>Trociny s\u0105 bezpy\u0142owe i nie przyklejaj\u0105 si\u0119 do \u0142ap i sier\u015bci kota po skorzystaniu z toalety.<br \/>\n<strong><br \/>\nPrzezroczystymi drzwiczkami wahad\u0142owymi<br \/>\n<\/strong>Idealne dla kot\u00f3w, kt\u00f3re lubi\u0105 wycofa\u0107 si\u0119  w ciche miejsce.<\/p>\n<p><strong>Hoge rand<br \/>\n<\/strong>Ook geschikt voor staande plassers<\/p>\n<p><strong>Odpinana i sk\u0142adana pokrywa<br \/>\n<\/strong>U\u0142atwia sprz\u0105tanie kuwety.<\/p>\n<p><strong>Sk\u0142adanym uchwytem<br \/>\n<\/strong>\u0142atwy w transporcie.<\/p>","protected":false},"featured_media":2647,"template":"","meta":[],"product_brand":[],"product_cat":[29],"product_tag":[43],"class_list":{"0":"post-1692","1":"product","2":"type-product","3":"status-publish","4":"has-post-thumbnail","6":"product_cat-kattenbak","7":"product_tag-ecodome","9":"first","10":"instock","11":"shipping-taxable","12":"purchasable","13":"product-type-variable","14":"has-default-attributes"},"_links":{"self":[{"href":"https:\/\/peeweeinternational.eu\/pol\/wp-json\/wp\/v2\/product\/1692","targetHints":{"allow":["GET"]}}],"collection":[{"href":"https:\/\/peeweeinternational.eu\/pol\/wp-json\/wp\/v2\/product"}],"about":[{"href":"https:\/\/peeweeinternational.eu\/pol\/wp-json\/wp\/v2\/types\/product"}],"wp:featuredmedia":[{"embeddable":true,"href":"https:\/\/peeweeinternational.eu\/pol\/wp-json\/wp\/v2\/media\/2647"}],"wp:attachment":[{"href":"https:\/\/peeweeinternational.eu\/pol\/wp-json\/wp\/v2\/media?parent=1692"}],"wp:term":[{"taxonomy":"product_brand","embeddable":true,"href":"https:\/\/peeweeinternational.eu\/pol\/wp-json\/wp\/v2\/product_brand?post=1692"},{"taxonomy":"product_cat","embeddable":true,"href":"https:\/\/peeweeinternational.eu\/pol\/wp-json\/wp\/v2\/product_cat?post=1692"},{"taxonomy":"product_tag","embeddable":true,"href":"https:\/\/peeweeinternational.eu\/pol\/wp-json\/wp\/v2\/product_tag?post=1692"}],"curies":[{"name":"wp","href":"https:\/\/api.w.org\/{rel}","templated":true}]}}