{"id":1692,"date":"2022-01-28T11:34:59","date_gmt":"2022-01-28T10:34:59","guid":{"rendered":"https:\/\/peeweeinternational.eu\/?post_type=product&#038;p=1692"},"modified":"2025-10-02T11:30:19","modified_gmt":"2025-10-02T09:30:19","slug":"ecodome","status":"publish","type":"product","link":"https:\/\/peeweeinternational.eu\/por\/kattenbakken\/ecodome\/","title":{"rendered":"EcoDome"},"content":{"rendered":"","protected":false},"excerpt":{"rendered":"<p><strong>Para os gatos grandes que apreciam uma visita em privado ao toilette, o EcoDome ser\u00e1 o tabuleiro ideal. Equipado com al\u00e7a e clipes em metal e vidro de privacidade.<\/strong><\/p>\n<p><strong>Design inteligente<\/strong><br \/>\nFundo duplo respeita normas exigentes de conforto e de durabilidade.<\/p>\n<p><strong>2 tabuleiros<br \/>\n<\/strong>Tabuleiro superior com uma peneira, o tabuleiro inferior acolhe a urina e a serragem.<\/p>\n<p><strong>Utiliza\u00e7\u00e3o f\u00e1cil<br \/>\n<\/strong>Os pellets de madeira desintegram-se ap\u00f3s o contacto com a urina e\ncaem na peneira durante o esgravatamento, de modo que apenas o tabuleiro inferior necessitar\u00e1 de ser esvaziado.<\/p>\n<p><strong>Patas secas e limpas<br \/>\n<\/strong>Aserragem \u00e9 isenta de poeira e n\u00e3o adere \u00e0s patas e ao pelo ap\u00f3s a utiliza\u00e7\u00e3o do toilette.<br \/>\n<strong><br \/>\nCom porta basculante transparente<br \/>\n<\/strong>Ideal para gatos que gostam de se retirar para um local sossegado.<\/p>\n<p><strong>Hoge rand<br \/>\n<\/strong>Ook geschikt voor staande plassers<\/p>\n<p><strong>Tampa remov\u00edvel e dobr\u00e1vel<br \/>\n<\/strong>Torna a limpeza mais f\u00e1cil.<\/p>\n<p><strong>Pega dobr\u00e1vel<br \/>\n<\/strong>F\u00e1cil de transportar<\/p>","protected":false},"featured_media":2647,"template":"","meta":[],"product_brand":[],"product_cat":[29],"product_tag":[43],"class_list":{"0":"post-1692","1":"product","2":"type-product","3":"status-publish","4":"has-post-thumbnail","6":"product_cat-kattenbak","7":"product_tag-ecodome","9":"first","10":"instock","11":"shipping-taxable","12":"purchasable","13":"product-type-variable","14":"has-default-attributes"},"_links":{"self":[{"href":"https:\/\/peeweeinternational.eu\/por\/wp-json\/wp\/v2\/product\/1692","targetHints":{"allow":["GET"]}}],"collection":[{"href":"https:\/\/peeweeinternational.eu\/por\/wp-json\/wp\/v2\/product"}],"about":[{"href":"https:\/\/peeweeinternational.eu\/por\/wp-json\/wp\/v2\/types\/product"}],"wp:featuredmedia":[{"embeddable":true,"href":"https:\/\/peeweeinternational.eu\/por\/wp-json\/wp\/v2\/media\/2647"}],"wp:attachment":[{"href":"https:\/\/peeweeinternational.eu\/por\/wp-json\/wp\/v2\/media?parent=1692"}],"wp:term":[{"taxonomy":"product_brand","embeddable":true,"href":"https:\/\/peeweeinternational.eu\/por\/wp-json\/wp\/v2\/product_brand?post=1692"},{"taxonomy":"product_cat","embeddable":true,"href":"https:\/\/peeweeinternational.eu\/por\/wp-json\/wp\/v2\/product_cat?post=1692"},{"taxonomy":"product_tag","embeddable":true,"href":"https:\/\/peeweeinternational.eu\/por\/wp-json\/wp\/v2\/product_tag?post=1692"}],"curies":[{"name":"wp","href":"https:\/\/api.w.org\/{rel}","templated":true}]}}