{"id":1696,"date":"2022-01-28T11:46:38","date_gmt":"2022-01-28T10:46:38","guid":{"rendered":"https:\/\/peeweeinternational.eu\/?post_type=product&#038;p=1696"},"modified":"2025-10-02T11:52:17","modified_gmt":"2025-10-02T09:52:17","slug":"ecohus","status":"publish","type":"product","link":"https:\/\/peeweeinternational.eu\/por\/kattenbakken\/ecohus\/","title":{"rendered":"EcoH\u00fbs"},"content":{"rendered":"","protected":false},"excerpt":{"rendered":"<p><strong><span lang=\"NL\">Para gatos de estatura normal existe o EcoH\u00fbs.<br \/>\nAdequado para uma visita privada ao toilette por detr\u00e1s de um vidro de privacidade.<\/span><\/strong><br \/>\n<strong><br \/>\nDesign inteligente<\/strong><br \/>\nFundo duplo respeita normas exigentes de conforto e de durabilidade.<br \/>\n<strong><br \/>\n2 tabuleiros<br \/>\n<\/strong>Tabuleiro superior com uma peneira, o tabuleiro inferior acolhe a urina e a serragem.<\/p>\n<p><strong>Utiliza\u00e7\u00e3o f\u00e1cil<br \/>\n<\/strong>Os pellets de madeira desintegram-se ap\u00f3s o contacto com a urina e\ncaem na peneira durante o esgravatamento, de modo que apenas o tabuleiro inferior necessitar\u00e1 de ser esvaziado.<\/p>\n<p><strong>Patas secas e limpas<br \/>\n<\/strong>A serragem \u00e9 isenta de poeira e n\u00e3o adere \u00e0s patas e ao pelo ap\u00f3s a utiliza\u00e7\u00e3o do toilette.<\/p>","protected":false},"featured_media":1904,"template":"","meta":[],"product_brand":[],"product_cat":[29],"product_tag":[42],"class_list":{"0":"post-1696","1":"product","2":"type-product","3":"status-publish","4":"has-post-thumbnail","6":"product_cat-kattenbak","7":"product_tag-ecohus","9":"first","10":"instock","11":"shipping-taxable","12":"purchasable","13":"product-type-variable","14":"has-default-attributes"},"_links":{"self":[{"href":"https:\/\/peeweeinternational.eu\/por\/wp-json\/wp\/v2\/product\/1696","targetHints":{"allow":["GET"]}}],"collection":[{"href":"https:\/\/peeweeinternational.eu\/por\/wp-json\/wp\/v2\/product"}],"about":[{"href":"https:\/\/peeweeinternational.eu\/por\/wp-json\/wp\/v2\/types\/product"}],"wp:featuredmedia":[{"embeddable":true,"href":"https:\/\/peeweeinternational.eu\/por\/wp-json\/wp\/v2\/media\/1904"}],"wp:attachment":[{"href":"https:\/\/peeweeinternational.eu\/por\/wp-json\/wp\/v2\/media?parent=1696"}],"wp:term":[{"taxonomy":"product_brand","embeddable":true,"href":"https:\/\/peeweeinternational.eu\/por\/wp-json\/wp\/v2\/product_brand?post=1696"},{"taxonomy":"product_cat","embeddable":true,"href":"https:\/\/peeweeinternational.eu\/por\/wp-json\/wp\/v2\/product_cat?post=1696"},{"taxonomy":"product_tag","embeddable":true,"href":"https:\/\/peeweeinternational.eu\/por\/wp-json\/wp\/v2\/product_tag?post=1696"}],"curies":[{"name":"wp","href":"https:\/\/api.w.org\/{rel}","templated":true}]}}